{"id":12621,"date":"2024-06-11T20:44:49","date_gmt":"2024-06-11T18:44:49","guid":{"rendered":"https:\/\/3dvirtualtour.es\/?page_id=12621"},"modified":"2024-09-15T15:54:59","modified_gmt":"2024-09-15T13:54:59","slug":"servicios","status":"publish","type":"page","link":"https:\/\/3dvirtualtour.es\/index.php\/servicios\/","title":{"rendered":"Servicios"},"content":{"rendered":"\n<h1 style=\"color:#707070; text-align: center;\">Servicios<\/h1>\n<div class=\"texto\">\n    <div class=\"three-column-photo\" style=\"display: flex; flex-wrap: wrap; justify-content: space-between;\">\n        <div class=\"column-child\" style=\"flex: 1 1 calc(33% - 20px); box-sizing: border-box; margin: 10px; max-width: calc(33% - 20px); border: 1px solid #ccc; padding: 10px; background-color: #f9f9f9;\">\n            <h3 class=\"title-child\">COMPRA Y VENTA:<\/h3>\n            <img decoding=\"async\" class=\"image-child\" src=\"https:\/\/storage.googleapis.com\/static.inmoweb.es\/clients\/3287\/cms\/costa_sonada_inmobiliaria_costa_blanca_mascarat-7_4.jpg\" alt=\"imagen columna 1\" style=\"width:100%; height:auto;\">\n            <div class=\"content-child\" style=\"margin-top: 10px; text-align: justify;\">\n                <p>Nuestros expertos en bienes ra\u00edces est\u00e1n listos para guiarlo a trav\u00e9s del emocionante viaje de compra o venta de su propiedad. Desde la evaluaci\u00f3n precisa del valor de mercado hasta estrategias de marketing innovadoras, trabajamos incansablemente para garantizar transacciones exitosas y beneficiosas.<\/p>\n            <\/div>\n        <\/div>\n\n        <div class=\"column-child\" style=\"flex: 1 1 calc(33% - 20px); box-sizing: border-box; margin: 10px; max-width: calc(33% - 20px); border: 1px solid #ccc; padding: 10px; background-color: #f9f9f9;\">\n            <h3 class=\"title-child\">ALQUILER Y ARRENDAMIENTO:<\/h3>\n            <img decoding=\"async\" class=\"image-child\" src=\"https:\/\/storage.googleapis.com\/static.inmoweb.es\/clients\/3287\/cms\/costa_sonada_inmobiliaria_costa_blanca_mascarat-4_4.jpg\" alt=\"imagen columna 2\" style=\"width:100%; height:auto;\">\n            <div class=\"content-child\" style=\"margin-top: 10px; text-align: justify;\">\n                <p>Facilitamos el proceso de alquiler tanto para propietarios como para inquilinos, con servicios integrales que incluyen la promoci\u00f3n efectiva de propiedades, selecci\u00f3n meticulosa de inquilinos y la elaboraci\u00f3n de contratos de arrendamiento transparentes.<\/p>\n            <\/div>\n        <\/div>\n\n        <div class=\"column-child\" style=\"flex: 1 1 calc(33% - 20px); box-sizing: border-box; margin: 10px; max-width: calc(33% - 20px); border: 1px solid #ccc; padding: 10px; background-color: #f9f9f9;\">\n            <h3 class=\"title-child\">GESTI\u00d3N DE PROPIEDADES:<\/h3>\n            <img decoding=\"async\" class=\"image-child\" src=\"https:\/\/storage.googleapis.com\/static.inmoweb.es\/clients\/3287\/cms\/costa_sonada_inmobiliaria_costa_blanca_mascarat-5_7.jpg\" alt=\"imagen columna 3\" style=\"width:100%; height:auto;\">\n            <div class=\"content-child\" style=\"margin-top: 10px; text-align: justify;\">\n                <p>Deje que nos ocupemos de la gesti\u00f3n de su propiedad para una tranquilidad total. Desde el mantenimiento regular hasta la administraci\u00f3n de alquileres, nuestro equipo se encarga de todos los aspectos para garantizar un rendimiento \u00f3ptimo de su inversi\u00f3n.<\/p>\n            <\/div>\n        <\/div>\n\n        <div class=\"column-child\" style=\"flex: 1 1 calc(33% - 20px); box-sizing: border-box; margin: 10px; max-width: calc(33% - 20px); border: 1px solid #ccc; padding: 10px; background-color: #f9f9f9;\">\n            <h3 class=\"title-child\">ASESORAMIENTO FINANCIERO:<\/h3>\n            <img decoding=\"async\" class=\"image-child\" src=\"https:\/\/storage.googleapis.com\/static.inmoweb.es\/clients\/3287\/cms\/costa_sonada_inmobiliaria_costa_blanca_mascarat-8_2.jpg\" alt=\"imagen columna 1\" style=\"width:100%; height:auto;\">\n            <div class=\"content-child\" style=\"margin-top: 10px; text-align: justify;\">\n                <p>Asesoramiento sobre opciones de financiamiento y pr\u00e9stamos hipotecarios. Evaluaci\u00f3n de la viabilidad financiera de una transacci\u00f3n inmobiliaria.<\/p>\n            <\/div>\n        <\/div>\n\n        <div class=\"column-child\" style=\"flex: 1 1 calc(33% - 20px); box-sizing: border-box; margin: 10px; max-width: calc(33% - 20px); border: 1px solid #ccc; padding: 10px; background-color: #f9f9f9;\">\n            <h3 class=\"title-child\">OBTENCI\u00d3N DEL VISADO DE ORO:<\/h3>\n            <img decoding=\"async\" class=\"image-child\" src=\"https:\/\/storage.googleapis.com\/static.inmoweb.es\/clients\/3287\/cms\/costa_sonada_inmobiliaria_costa_blanca_mascarat-1_6.jpg\" alt=\"imagen columna 2\" style=\"width:100%; height:auto;\">\n            <div class=\"content-child\" style=\"margin-top: 10px; text-align: justify;\">\n                <p>Asistencia en la preparaci\u00f3n de la documentaci\u00f3n requerida para la solicitud de la Golden Visa, colaborando con profesionales legales para garantizar la precisi\u00f3n y conformidad.<\/p>\n            <\/div>\n        <\/div>\n\n        <div class=\"column-child\" style=\"flex: 1 1 calc(33% - 20px); box-sizing: border-box; margin: 10px; max-width: calc(33% - 20px); border: 1px solid #ccc; padding: 10px; background-color: #f9f9f9;\">\n            <h3 class=\"title-child\">ASESORAMIENTO LEGAL:<\/h3>\n            <img decoding=\"async\" class=\"image-child\" src=\"https:\/\/storage.googleapis.com\/static.inmoweb.es\/clients\/3287\/cms\/costa_sonada_inmobiliaria_costa_blanca_001.jpg\" alt=\"imagen columna 3\" style=\"width:100%; height:auto;\">\n            <div class=\"content-child\" style=\"margin-top: 10px; text-align: justify;\">\n                <p>Ofrecemos asesoramiento financiero y legal s\u00f3lido para respaldar sus decisiones inmobiliarias. Nuestro compromiso es brindarle la informaci\u00f3n y la orientaci\u00f3n necesarias para tomar decisiones informadas y exitosas.<\/p>\n            <\/div>\n        <\/div>\n    <\/div>\n<\/div>\n\n","protected":false},"excerpt":{"rendered":"<p>Servicios COMPRA Y VENTA: Nuestros expertos en bienes ra\u00edces est\u00e1n listos para guiarlo a trav\u00e9s del emocionante viaje de compra o venta de su propiedad. Desde la evaluaci\u00f3n precisa del valor de mercado hasta estrategias de marketing innovadoras, trabajamos incansablemente para garantizar transacciones exitosas y beneficiosas. ALQUILER Y ARRENDAMIENTO: Facilitamos el proceso de alquiler tanto para propietarios como para inquilinos, con servicios integrales que incluyen la promoci\u00f3n efectiva de propiedades, selecci\u00f3n meticulosa de inquilinos y la elaboraci\u00f3n de contratos de arrendamiento transparentes. GESTI\u00d3N DE PROPIEDADES: Deje que nos ocupemos de la gesti\u00f3n de su propiedad para una tranquilidad total. Desde el mantenimiento regular hasta la<a class=\"more-link\" href=\"https:\/\/3dvirtualtour.es\/index.php\/servicios\/\"><span>Read More &rarr;<\/span><\/a><\/p>\n","protected":false},"author":3,"featured_media":0,"parent":0,"menu_order":0,"comment_status":"closed","ping_status":"closed","template":"elementor_header_footer","meta":{"om_disable_all_campaigns":false,"_monsterinsights_skip_tracking":false,"_monsterinsights_sitenote_active":false,"_monsterinsights_sitenote_note":"","_monsterinsights_sitenote_category":0,"footnotes":""},"class_list":["entry","author-3dvirtualtour","post-12621","page","type-page","status-publish"],"aioseo_notices":[],"_links":{"self":[{"href":"https:\/\/3dvirtualtour.es\/index.php\/wp-json\/wp\/v2\/pages\/12621","targetHints":{"allow":["GET"]}}],"collection":[{"href":"https:\/\/3dvirtualtour.es\/index.php\/wp-json\/wp\/v2\/pages"}],"about":[{"href":"https:\/\/3dvirtualtour.es\/index.php\/wp-json\/wp\/v2\/types\/page"}],"author":[{"embeddable":true,"href":"https:\/\/3dvirtualtour.es\/index.php\/wp-json\/wp\/v2\/users\/3"}],"replies":[{"embeddable":true,"href":"https:\/\/3dvirtualtour.es\/index.php\/wp-json\/wp\/v2\/comments?post=12621"}],"version-history":[{"count":10,"href":"https:\/\/3dvirtualtour.es\/index.php\/wp-json\/wp\/v2\/pages\/12621\/revisions"}],"predecessor-version":[{"id":13728,"href":"https:\/\/3dvirtualtour.es\/index.php\/wp-json\/wp\/v2\/pages\/12621\/revisions\/13728"}],"wp:attachment":[{"href":"https:\/\/3dvirtualtour.es\/index.php\/wp-json\/wp\/v2\/media?parent=12621"}],"curies":[{"name":"wp","href":"https:\/\/api.w.org\/{rel}","templated":true}]}}