{"id":13084,"date":"2024-06-13T15:33:19","date_gmt":"2024-06-13T13:33:19","guid":{"rendered":"https:\/\/3dvirtualtour.es\/?page_id=13084"},"modified":"2024-09-15T15:54:50","modified_gmt":"2024-09-15T13:54:50","slug":"alfas-del-pi","status":"publish","type":"page","link":"https:\/\/3dvirtualtour.es\/index.php\/alfas-del-pi\/","title":{"rendered":"Alfaz del Pi"},"content":{"rendered":"\n<h1 style=\"color:#707070; text-align: center;\">Alfaz del Pi<\/h1>\n\n<div class=\"texto\">\n    <div class=\"three-column-photo\" style=\"display: flex; justify-content: space-between;\">\n            <div class=\"articulo\"\n                style=\"flex: 1 1 calc(33% - 20px); box-sizing: border-box; margin: 10px; max-width: calc(33% - 20px); border: 1px solid #ccc; padding: 10px; background-color: #f9f9f9;\">\n            <img decoding=\"async\" class=\"image-child\" src=\"https:\/\/storage.googleapis.com\/static.inmoweb.es\/clients\/3287\/cms\/costa_sonada_inmobiliaria_costa_blanca_mascarat-9_2.jpg\" alt=\"imagen columna 1\" style=\"width:100%; height:auto;\">\n            <div class=\"content-child\" style=\"margin-top: 10px;\">\n                <p>Esta encantadora localidad se sit\u00faa estrat\u00e9gicamente entre el resplandor del Mar Mediterr\u00e1neo y la majestuosidad de las monta\u00f1as, ofreciendo un entorno que combina la tranquilidad de la naturaleza con la comodidad de la vida urbana.<\/p>\n                <p>Alfaz del Pi es una localidad y municipio, situado en la parte suroriental de la comarca de la Marina Baja. Perteneciente a la provincia de Alicante, en la Comunidad Valenciana en Espa\u00f1a. Cuenta con 20 053 habitantes, de los cuales aproximadamente el 56% es de nacionalidad extranjera.<\/p>\n                <p>En plena costa mediterr\u00e1nea, Alfaz del Pi limita con los municipios de Altea, La Nuc\u00eda y Benidorm. El n\u00facleo urbano se encuentra unos 3 km al interior, en las faldas de la Sierra Helada, pero el t\u00e9rmino municipal cuenta con 4 km de costa, destacando la playa del Albir. La localidad se encuentra a 49 km de Alicante, la capital de la provincia, y a 142 km de Valencia, capital de la Comunidad Valenciana.<\/p>\n            <\/div>\n        <\/div>\n\n            <div class=\"articulo\"\n                style=\"flex: 1 1 calc(33% - 20px); box-sizing: border-box; margin: 10px; max-width: calc(33% - 20px); border: 1px solid #ccc; padding: 10px; background-color: #f9f9f9;\">            <img decoding=\"async\" class=\"image-child\" src=\"https:\/\/storage.googleapis.com\/static.inmoweb.es\/clients\/3287\/cms\/20190116-13.jpg\" alt=\"imagen columna 2\" style=\"width:100%; height:auto;\">\n            <div class=\"content-child\" style=\"margin-top: 10px;\">\n                <p>Alfas del Pi se encuentra a solo unos minutos de la vibrante ciudad de Benidorm y cuenta con f\u00e1cil acceso a las principales autopistas y carreteras, facilitando la conexi\u00f3n con otras ciudades de la Costa Blanca. Rodeada por paisajes pintorescos, la ubicaci\u00f3n privilegiada de Alfas del Pi garantiza una sensaci\u00f3n de exclusividad y privacidad, sin sacrificar la conveniencia de tener servicios esenciales a su alcance.<\/p>\n                <p>Disfrute de un clima mediterr\u00e1neo excepcional durante todo el a\u00f1o en Alfas del Pi. Los inviernos suaves y los veranos c\u00e1lidos ofrecen condiciones perfectas para disfrutar de la vida al aire libre. Las suaves brisas del Mediterr\u00e1neo y m\u00e1s de 300 d\u00edas de sol al a\u00f1o crean un ambiente agradable que invita a explorar los alrededores y a relajarse en la costa.<\/p>\n            <\/div>\n        <\/div>\n\n            <div class=\"articulo\"\n                style=\"flex: 1 1 calc(33% - 20px); box-sizing: border-box; margin: 10px; max-width: calc(33% - 20px); border: 1px solid #ccc; padding: 10px; background-color: #f9f9f9;\">            <img decoding=\"async\" class=\"image-child\" src=\"\/\/storage.googleapis.com\/staticweb.inmoweb.es\/assets\/template\/cms\/img\/three-column.jpg\" alt=\"imagen columna 3\" style=\"width:100%; height:auto;\">\n            <div class=\"content-child\" style=\"margin-top: 10px;\">\n                <p>A pocos minutos en coche, las playas de Benidorm ofrecen arenas doradas y aguas cristalinas para disfrutar de d\u00edas de sol y actividades acu\u00e1ticas.<\/p>\n                <p>Parques Naturales: Descubra la belleza natural de la Sierra Helada y la Sierra de Bernia, lugares perfectos para senderismo, picnics y observaci\u00f3n de la fauna.<\/p>\n                <p>Explore el encanto hist\u00f3rico de Alfas del Pi, con su pintoresco casco antiguo, mercados locales y festivales culturales que brindan una aut\u00e9ntica experiencia espa\u00f1ola.<\/p>\n                <p>Desde restaurantes de alta cocina hasta tiendas boutique, Alfas del Pi ofrece una amplia gama de servicios para satisfacer todas sus necesidades diarias.<\/p>\n                <p>Ya sea que est\u00e9 buscando una residencia permanente o una propiedad vacacional, Alfas del Pi es la elecci\u00f3n perfecta. La combinaci\u00f3n de su ubicaci\u00f3n estrat\u00e9gica, clima excepcional y una variedad de puntos de inter\u00e9s hacen de esta localidad un destino deseado para aquellos que buscan calidad de vida y bienestar en la hermosa Costa Blanca.<\/p>\n            <\/div>\n        <\/div>\n    <\/div>\n<\/div>\n","protected":false},"excerpt":{"rendered":"<p>Alfaz del Pi Esta encantadora localidad se sit\u00faa estrat\u00e9gicamente entre el resplandor del Mar Mediterr\u00e1neo y la majestuosidad de las monta\u00f1as, ofreciendo un entorno que combina la tranquilidad de la naturaleza con la comodidad de la vida urbana. Alfaz del Pi es una localidad y municipio, situado en la parte suroriental de la comarca de la Marina Baja. Perteneciente a la provincia de Alicante, en la Comunidad Valenciana en Espa\u00f1a. Cuenta con 20 053 habitantes, de los cuales aproximadamente el 56% es de nacionalidad extranjera. En plena costa mediterr\u00e1nea, Alfaz del Pi limita con los municipios de Altea, La Nuc\u00eda y Benidorm. El n\u00facleo urbano<a class=\"more-link\" href=\"https:\/\/3dvirtualtour.es\/index.php\/alfas-del-pi\/\"><span>Read More &rarr;<\/span><\/a><\/p>\n","protected":false},"author":3,"featured_media":0,"parent":0,"menu_order":0,"comment_status":"closed","ping_status":"closed","template":"elementor_header_footer","meta":{"om_disable_all_campaigns":false,"_monsterinsights_skip_tracking":false,"_monsterinsights_sitenote_active":false,"_monsterinsights_sitenote_note":"","_monsterinsights_sitenote_category":0,"footnotes":""},"class_list":["entry","author-3dvirtualtour","post-13084","page","type-page","status-publish"],"aioseo_notices":[],"_links":{"self":[{"href":"https:\/\/3dvirtualtour.es\/index.php\/wp-json\/wp\/v2\/pages\/13084","targetHints":{"allow":["GET"]}}],"collection":[{"href":"https:\/\/3dvirtualtour.es\/index.php\/wp-json\/wp\/v2\/pages"}],"about":[{"href":"https:\/\/3dvirtualtour.es\/index.php\/wp-json\/wp\/v2\/types\/page"}],"author":[{"embeddable":true,"href":"https:\/\/3dvirtualtour.es\/index.php\/wp-json\/wp\/v2\/users\/3"}],"replies":[{"embeddable":true,"href":"https:\/\/3dvirtualtour.es\/index.php\/wp-json\/wp\/v2\/comments?post=13084"}],"version-history":[{"count":14,"href":"https:\/\/3dvirtualtour.es\/index.php\/wp-json\/wp\/v2\/pages\/13084\/revisions"}],"predecessor-version":[{"id":13704,"href":"https:\/\/3dvirtualtour.es\/index.php\/wp-json\/wp\/v2\/pages\/13084\/revisions\/13704"}],"wp:attachment":[{"href":"https:\/\/3dvirtualtour.es\/index.php\/wp-json\/wp\/v2\/media?parent=13084"}],"curies":[{"name":"wp","href":"https:\/\/api.w.org\/{rel}","templated":true}]}}