{"id":13143,"date":"2024-06-13T17:42:51","date_gmt":"2024-06-13T15:42:51","guid":{"rendered":"https:\/\/3dvirtualtour.es\/?page_id=13143"},"modified":"2024-09-15T15:54:58","modified_gmt":"2024-09-15T13:54:58","slug":"moraira","status":"publish","type":"page","link":"https:\/\/3dvirtualtour.es\/index.php\/moraira\/","title":{"rendered":"Moraira"},"content":{"rendered":"\n<h1 style=\"color:#707070; text-align: center;\">Moraira<\/h1>\n\n<div class=\"texto\">\n    <div class=\"three-column-photo\" style=\"display: flex; justify-content: space-between;\">\n        <div class=\"articulo\"\n             style=\"flex: 1 1 calc(33% - 20px); box-sizing: border-box; margin: 10px; max-width: calc(33% - 20px); border: 1px solid #ccc; padding: 10px; background-color: #f9f9f9;\">\n            <img decoding=\"async\" class=\"image-child\"\n                 src=\"https:\/\/storage.googleapis.com\/static.inmoweb.es\/clients\/3287\/cms\/costa_sonada_inmobiliaria_costa_blanca_mascarat-11.jpg\"\n                 alt=\"imagen columna 1\" style=\"width:100%; height:auto;\">\n            <div class=\"content-child\" style=\"margin-top: 10px;\">\n                <p>&nbsp;Esta encantadora localidad costera se ha ganado una reputaci\u00f3n como un destino exclusivo y deseado. Aqu\u00ed, la ubicaci\u00f3n, el clima y la rica oferta cultural convergen para brindar una experiencia de vida sin igual.<\/p>\n                <p>Moraira se encuentra estrat\u00e9gicamente situada entre las ciudades de Calpe y J\u00e1vea, ofreciendo un enclave costero exclusivo y al mismo tiempo una proximidad conveniente a otras joyas de la Costa Blanca. Rodeada por colinas verdes y ba\u00f1ada por el Mediterr\u00e1neo, Moraira es un refugio de tranquilidad y privacidad.<\/p>\n                <p>Disfrute de un clima mediterr\u00e1neo sublime en Moraira, con inviernos suaves y veranos c\u00e1lidos. M\u00e1s de 300 d\u00edas de sol al a\u00f1o crean un entorno ideal para explorar las playas de arena fina y las aguas cristalinas. Moraira ofrece un microclima \u00fanico que invita a disfrutar de actividades al aire libre durante todo el a\u00f1o.<\/p>\n            <\/div>\n        <\/div>\n\n        <div class=\"articulo\"\n             style=\"flex: 1 1 calc(33% - 20px); box-sizing: border-box; margin: 10px; max-width: calc(33% - 20px); border: 1px solid #ccc; padding: 10px; background-color: #f9f9f9;\">\n            <img decoding=\"async\" class=\"image-child\"\n                 src=\"\/\/storage.googleapis.com\/staticweb.inmoweb.es\/assets\/template\/cms\/img\/three-column.jpg\"\n                 alt=\"imagen columna 2\" style=\"width:100%; height:auto;\">\n            <div class=\"content-child\" style=\"margin-top: 10px;\">\n                <p>Las playas y calas de Moraira son verdaderos tesoros. Desde la pintoresca Cala L&#8217;Andrag\u00f3 hasta la amplia Playa de l&#8217;Ampolla, cada rinc\u00f3n ofrece una experiencia de sol y mar inigualable. Las aguas turquesas y los paisajes costeros espectaculares crean el tel\u00f3n de fondo perfecto para d\u00edas de relajaci\u00f3n y diversi\u00f3n.<\/p>\n                <p>El puerto deportivo de Moraira es un lugar emblem\u00e1tico donde se entrelazan la elegancia y la actividad n\u00e1utica. Con restaurantes de primera l\u00ednea y una vibrante vida nocturna, este puerto es un punto de encuentro para aquellos que buscan deleitarse con la gastronom\u00eda local mientras disfrutan del encanto mar\u00edtimo.<\/p>\n                <p>&nbsp;<\/p>\n            <\/div>\n        <\/div>\n\n        <div class=\"articulo\"\n             style=\"flex: 1 1 calc(33% - 20px); box-sizing: border-box; margin: 10px; max-width: calc(33% - 20px); border: 1px solid #ccc; padding: 10px; background-color: #f9f9f9;\">\n            <img decoding=\"async\" class=\"image-child\"\n                 src=\"\/\/storage.googleapis.com\/staticweb.inmoweb.es\/assets\/template\/cms\/img\/three-column.jpg\"\n                 alt=\"imagen columna 3\" style=\"width:100%; height:auto;\">\n            <div class=\"content-child\" style=\"margin-top: 10px;\">\n                <p>La riqueza hist\u00f3rica de Moraira se refleja en lugares como el Castillo de Moraira, que domina la costa y ofrece vistas panor\u00e1micas. El encanto del casco antiguo, con sus callejones adoquinados y arquitectura tradicional, le invita a sumergirse en la aut\u00e9ntica vida mediterr\u00e1nea.<\/p>\n                <p>Inversiones Exclusivas: En nuestra inmobiliaria, le ofrecemos una selecci\u00f3n exclusiva de propiedades que capturan la esencia de Moraira. Ya sea una villa con vistas al mar, una moderna propiedad junto al campo de golf o un elegante apartamento en el centro, Moraira le invita a hacer realidad sus sue\u00f1os mediterr\u00e1neos. Descubra el lujo, la serenidad y la sofisticaci\u00f3n en cada rinc\u00f3n de esta joya costera. \u00a1Bienvenido a su refugio exclusivo en Moraira!<\/p>\n            <\/div>\n        <\/div>\n    <\/div>\n<\/div>\n","protected":false},"excerpt":{"rendered":"<p>Moraira &nbsp;Esta encantadora localidad costera se ha ganado una reputaci\u00f3n como un destino exclusivo y deseado. Aqu\u00ed, la ubicaci\u00f3n, el clima y la rica oferta cultural convergen para brindar una experiencia de vida sin igual. Moraira se encuentra estrat\u00e9gicamente situada entre las ciudades de Calpe y J\u00e1vea, ofreciendo un enclave costero exclusivo y al mismo tiempo una proximidad conveniente a otras joyas de la Costa Blanca. Rodeada por colinas verdes y ba\u00f1ada por el Mediterr\u00e1neo, Moraira es un refugio de tranquilidad y privacidad. Disfrute de un clima mediterr\u00e1neo sublime en Moraira, con inviernos suaves y veranos c\u00e1lidos. M\u00e1s de 300 d\u00edas de sol al a\u00f1o<a class=\"more-link\" href=\"https:\/\/3dvirtualtour.es\/index.php\/moraira\/\"><span>Read More &rarr;<\/span><\/a><\/p>\n","protected":false},"author":3,"featured_media":0,"parent":0,"menu_order":0,"comment_status":"closed","ping_status":"closed","template":"elementor_header_footer","meta":{"om_disable_all_campaigns":false,"_monsterinsights_skip_tracking":false,"_monsterinsights_sitenote_active":false,"_monsterinsights_sitenote_note":"","_monsterinsights_sitenote_category":0,"footnotes":""},"class_list":["entry","author-3dvirtualtour","post-13143","page","type-page","status-publish"],"aioseo_notices":[],"_links":{"self":[{"href":"https:\/\/3dvirtualtour.es\/index.php\/wp-json\/wp\/v2\/pages\/13143","targetHints":{"allow":["GET"]}}],"collection":[{"href":"https:\/\/3dvirtualtour.es\/index.php\/wp-json\/wp\/v2\/pages"}],"about":[{"href":"https:\/\/3dvirtualtour.es\/index.php\/wp-json\/wp\/v2\/types\/page"}],"author":[{"embeddable":true,"href":"https:\/\/3dvirtualtour.es\/index.php\/wp-json\/wp\/v2\/users\/3"}],"replies":[{"embeddable":true,"href":"https:\/\/3dvirtualtour.es\/index.php\/wp-json\/wp\/v2\/comments?post=13143"}],"version-history":[{"count":8,"href":"https:\/\/3dvirtualtour.es\/index.php\/wp-json\/wp\/v2\/pages\/13143\/revisions"}],"predecessor-version":[{"id":13710,"href":"https:\/\/3dvirtualtour.es\/index.php\/wp-json\/wp\/v2\/pages\/13143\/revisions\/13710"}],"wp:attachment":[{"href":"https:\/\/3dvirtualtour.es\/index.php\/wp-json\/wp\/v2\/media?parent=13143"}],"curies":[{"name":"wp","href":"https:\/\/api.w.org\/{rel}","templated":true}]}}