{"id":13169,"date":"2024-06-13T17:49:15","date_gmt":"2024-06-13T15:49:15","guid":{"rendered":"https:\/\/3dvirtualtour.es\/?page_id=13169"},"modified":"2024-09-15T15:54:50","modified_gmt":"2024-09-15T13:54:50","slug":"benidorm","status":"publish","type":"page","link":"https:\/\/3dvirtualtour.es\/index.php\/benidorm\/","title":{"rendered":"Benidorm"},"content":{"rendered":"\n<h1 style=\"color:#707070; text-align: center;\">Benidorm<\/h1>\n\n<div class=\"texto\">\n    <div class=\"three-column-photo\" style=\"display: flex; justify-content: space-between;\">\n        <div class=\"articulo\"\n             style=\"flex: 1 1 calc(33% - 20px); box-sizing: border-box; margin: 10px; max-width: calc(33% - 20px); border: 1px solid #ccc; padding: 10px; background-color: #f9f9f9;\">\n            <img decoding=\"async\" class=\"image-child\"\n                 src=\"https:\/\/storage.googleapis.com\/static.inmoweb.es\/clients\/3287\/cms\/costa_sonada_inmobiliaria_costa_blanca_benidorm-1_4.jpg\"\n                 alt=\"imagen columna 1\" style=\"width:100%; height:auto;\">\n            <div class=\"content-child\" style=\"margin-top: 10px; text-align: justify;\">\n                <p>Benidorm es una ciudad y municipio espa\u00f1ol de la provincia de Alicante, en la Comunidad Valenciana. Est\u00e1 situada a orillas del mar Mediterr\u00e1neo, en la comarca de la Marina Baja, de la que es su municipio m\u00e1s denso y poblado con una densidad de 1792 hab\/km\u00b2 y 69 738 habitantes en 2022 seg\u00fan el INE.\u200b<\/p>\n                <p>La poblaci\u00f3n de su \u00e1rea funcional, formada por municipios lim\u00edtrofes, es de unos 200.000 habitantes.\u200b Es la capital tur\u00edstica de la Comunidad Valenciana.<\/p>\n                <p>Actualmente Benidorm es la segunda ciudad espa\u00f1ola con m\u00e1s rascacielos de 150 metros, por detr\u00e1s de Madrid1\u200b, pero se sit\u00faa por encima de esa ciudad y de Barcelona en n\u00famero total de rascacielos.\u200b Es una de las ciudades con mayor concentraci\u00f3n de edificios altos en Europa, tras Mosc\u00fa, Estambul, Londres, Par\u00eds y Fr\u00e1ncfort.\u200b A fecha de 2011, es la ciudad con m\u00e1s rascacielos por habitante, seguido por Balneario Cambori\u00fa (Brasil) y Gurgaon (India).<\/p>\n                <p>Actualmente cuenta con 30 edificios y torres de m\u00e1s de 100 metros de altura.<\/p>\n            <\/div>\n        <\/div>\n\n        <div class=\"articulo\"\n             style=\"flex: 1 1 calc(33% - 20px); box-sizing: border-box; margin: 10px; max-width: calc(33% - 20px); border: 1px solid #ccc; padding: 10px; background-color: #f9f9f9;\">\n            <img decoding=\"async\" class=\"image-child\"\n                 src=\"https:\/\/storage.googleapis.com\/static.inmoweb.es\/clients\/3287\/cms\/costa_sonada_inmobiliaria_benidorm_nuevo_construccion.jpg\"\n                 alt=\"imagen columna 2\" style=\"width:100%; height:auto;\">\n            <div class=\"content-child\" style=\"margin-top: 10px; text-align: justify;\">\n                <p>Benidorm goza de un clima mediterr\u00e1neo excepcional durante todo el a\u00f1o. Con m\u00e1s de 300 d\u00edas de sol, sus inviernos suaves y veranos c\u00e1lidos crean un entorno perfecto para disfrutar de la playa y actividades al aire libre. La brisa marina refrescante hace que cada d\u00eda sea una experiencia \u00fanica, ya sea relaj\u00e1ndote en la playa o explorando las \u00e1reas verdes circundantes.<\/p>\n                <p>Benidorm es famosa por sus playas de arena fina, como Levante y Poniente, donde podr\u00e1s sumergirte en las aguas cristalinas del Mediterr\u00e1neo o disfrutar de un paseo tranquilo a lo largo del paseo mar\u00edtimo.<\/p>\n                <p>Vibrante Vida Nocturna: Conocida por su animada vida nocturna, Benidorm ofrece una amplia variedad de bares, restaurantes y clubes. Desde entretenimiento en vivo hasta opciones gastron\u00f3micas exquisitas, hay algo para todos los gustos.<\/p>\n                <p>Parques Tem\u00e1ticos: Benidorm alberga algunos de los parques tem\u00e1ticos m\u00e1s emocionantes de Espa\u00f1a, como Terra M\u00edtica y Aqualandia. Perfectos para aventuras en familia o experiencias llenas de adrenalina.<\/p>\n            <\/div>\n        <\/div>\n\n        <div class=\"articulo\"\n             style=\"flex: 1 1 calc(33% - 20px); box-sizing: border-box; margin: 10px; max-width: calc(33% - 20px); border: 1px solid #ccc; padding: 10px; background-color: #f9f9f9;\">\n            <img decoding=\"async\" class=\"image-child\"\n                 src=\"https:\/\/storage.googleapis.com\/static.inmoweb.es\/clients\/3287\/cms\/costa_sonada_inmobiliaria_costa_blanca_benidorm-1_2.jpg\"\n                 alt=\"imagen columna 3\" style=\"width:100%; height:auto;\">\n            <div class=\"content-child\" style=\"margin-top: 10px; text-align: justify;\">\n                <p>Hoy en d\u00eda, Benidorm es testigo de emocionantes proyectos de nuevas construcciones que fusionan dise\u00f1o contempor\u00e1neo, tecnolog\u00eda innovadora y un entorno excepcional en la Costa Blanca. Descubre las \u00faltimas incorporaciones a la arquitectura moderna y el estilo de vida exclusivo con nuestras nuevas construcciones en Benidorm.<\/p>\n                <p>Nuestra inmobiliaria te invita a explorar propiedades exclusivas en Benidorm. Desde modernos apartamentos con vistas panor\u00e1micas hasta elegantes villas cerca de las playas, ofrecemos oportunidades \u00fanicas para que hagas de Benidorm tu hogar o inversi\u00f3n.<\/p>\n                <p>Bienvenido a Benidorm, donde el lujo se encuentra con la naturaleza y el Mediterr\u00e1neo se convierte en tu nuevo horizonte. \u00a1Descubre el estilo de vida excepcional que te espera en esta joya de la Costa Blanca!<\/p>\n            <\/div>\n        <\/div>\n    <\/div>\n<\/div>\n","protected":false},"excerpt":{"rendered":"<p>Benidorm Benidorm es una ciudad y municipio espa\u00f1ol de la provincia de Alicante, en la Comunidad Valenciana. Est\u00e1 situada a orillas del mar Mediterr\u00e1neo, en la comarca de la Marina Baja, de la que es su municipio m\u00e1s denso y poblado con una densidad de 1792 hab\/km\u00b2 y 69 738 habitantes en 2022 seg\u00fan el INE.\u200b La poblaci\u00f3n de su \u00e1rea funcional, formada por municipios lim\u00edtrofes, es de unos 200.000 habitantes.\u200b Es la capital tur\u00edstica de la Comunidad Valenciana. Actualmente Benidorm es la segunda ciudad espa\u00f1ola con m\u00e1s rascacielos de 150 metros, por detr\u00e1s de Madrid1\u200b, pero se sit\u00faa por encima de esa ciudad y<a class=\"more-link\" href=\"https:\/\/3dvirtualtour.es\/index.php\/benidorm\/\"><span>Read More &rarr;<\/span><\/a><\/p>\n","protected":false},"author":3,"featured_media":0,"parent":0,"menu_order":0,"comment_status":"closed","ping_status":"closed","template":"elementor_header_footer","meta":{"om_disable_all_campaigns":false,"_monsterinsights_skip_tracking":false,"_monsterinsights_sitenote_active":false,"_monsterinsights_sitenote_note":"","_monsterinsights_sitenote_category":0,"footnotes":""},"class_list":["entry","author-3dvirtualtour","post-13169","page","type-page","status-publish"],"aioseo_notices":[],"_links":{"self":[{"href":"https:\/\/3dvirtualtour.es\/index.php\/wp-json\/wp\/v2\/pages\/13169","targetHints":{"allow":["GET"]}}],"collection":[{"href":"https:\/\/3dvirtualtour.es\/index.php\/wp-json\/wp\/v2\/pages"}],"about":[{"href":"https:\/\/3dvirtualtour.es\/index.php\/wp-json\/wp\/v2\/types\/page"}],"author":[{"embeddable":true,"href":"https:\/\/3dvirtualtour.es\/index.php\/wp-json\/wp\/v2\/users\/3"}],"replies":[{"embeddable":true,"href":"https:\/\/3dvirtualtour.es\/index.php\/wp-json\/wp\/v2\/comments?post=13169"}],"version-history":[{"count":7,"href":"https:\/\/3dvirtualtour.es\/index.php\/wp-json\/wp\/v2\/pages\/13169\/revisions"}],"predecessor-version":[{"id":13717,"href":"https:\/\/3dvirtualtour.es\/index.php\/wp-json\/wp\/v2\/pages\/13169\/revisions\/13717"}],"wp:attachment":[{"href":"https:\/\/3dvirtualtour.es\/index.php\/wp-json\/wp\/v2\/media?parent=13169"}],"curies":[{"name":"wp","href":"https:\/\/api.w.org\/{rel}","templated":true}]}}