{"id":13178,"date":"2024-06-13T17:51:28","date_gmt":"2024-06-13T15:51:28","guid":{"rendered":"https:\/\/3dvirtualtour.es\/?page_id=13178"},"modified":"2024-09-15T15:54:50","modified_gmt":"2024-09-15T13:54:50","slug":"alicante","status":"publish","type":"page","link":"https:\/\/3dvirtualtour.es\/index.php\/alicante\/","title":{"rendered":"Alicante"},"content":{"rendered":"\n<h1 style=\"color:#707070; text-align: center;\">Alicante<\/h1>\n\n<div class=\"texto\">\n    <div class=\"three-column-photo\" style=\"display: flex; justify-content: space-between;\">\n        <div class=\"articulo\"\n             style=\"flex: 1 1 calc(33% - 20px); box-sizing: border-box; margin: 10px; max-width: calc(33% - 20px); border: 1px solid #ccc; padding: 10px; background-color: #f9f9f9;\">\n            <img decoding=\"async\" class=\"image-child\"\n                 src=\"https:\/\/storage.googleapis.com\/static.inmoweb.es\/clients\/3287\/cms\/costa_sonada_inmobiliaria-costa_blanca_alicante-3.jpg\"\n                 alt=\"imagen columna 1\" style=\"width:100%; height:auto;\">\n            <div class=\"content-child\" style=\"margin-top: 10px; text-align: justify;\">\n                <p>Bienvenido a Alicante, una joya en la Costa Blanca que despierta los sentidos con su rica historia, clima perfecto y un entorno mediterr\u00e1neo incomparable. Nuestra inmobiliaria te invita a explorar las oportunidades de vivir en este rinc\u00f3n paradis\u00edaco, donde la tradici\u00f3n se encuentra con la modernidad.<\/p>\n                <p>Alicante es una ciudad y un municipio de Espa\u00f1a, capital de la provincia hom\u00f3nima, en la Comunidad Valenciana. Ciudad portuaria, est\u00e1 situada en la costa mediterr\u00e1nea. Con 349 282 habitantes,\u200b es el segundo municipio m\u00e1s poblado de la comunidad aut\u00f3noma y el d\u00e9cimo del pa\u00eds. Forma una conurbaci\u00f3n de 468 782 habitantes con muchas de las localidades de su comarca: San Vicente del Raspeig, San Juan de Alicante, Muchamiel y Campello. Estad\u00edsticamente se asocia tambi\u00e9n con el \u00e1rea metropolitana de Alicante-Elche, que cuenta con 849 053 habitantes. Es uno de los destinos tur\u00edsticos m\u00e1s destacados de Espa\u00f1a.<\/p>\n                <p>Alicante cuenta con un patrimonio cultural fascinante. El Castillo de Santa B\u00e1rbara, majestuosamente ubicado en la cima de una colina, ofrece vistas panor\u00e1micas de la ciudad y el mar. Explora el casco antiguo, con sus estrechas calles empedradas, la Concatedral de San Nicol\u00e1s y la Explanada de Espa\u00f1a, un paseo mar\u00edtimo emblem\u00e1tico.<\/p>\n            <\/div>\n        <\/div>\n\n        <div class=\"articulo\"\n             style=\"flex: 1 1 calc(33% - 20px); box-sizing: border-box; margin: 10px; max-width: calc(33% - 20px); border: 1px solid #ccc; padding: 10px; background-color: #f9f9f9;\">\n            <img decoding=\"async\" class=\"image-child\"\n                 src=\"https:\/\/storage.googleapis.com\/static.inmoweb.es\/clients\/3287\/cms\/costa_sonada_inmobiliaria-costa_blanca_alicante-1_2.jpg\"\n                 alt=\"imagen columna 2\" style=\"width:100%; height:auto;\">\n            <div class=\"content-child\" style=\"margin-top: 10px; text-align: justify;\">\n                <p>Alicante se encuentra estrat\u00e9gicamente ubicada en la costa sureste de Espa\u00f1a, con acceso f\u00e1cil y r\u00e1pido a trav\u00e9s del Aeropuerto Internacional de Alicante-Elche. Rodeada por majestuosas monta\u00f1as y abrazada por las c\u00e1lidas aguas del Mediterr\u00e1neo, esta ciudad costera es un punto de encuentro entre la tranquilidad y la vitalidad urbana.<\/p>\n                <p>La ciudad se halla a orillas del Mediterr\u00e1neo, en una planicie sorteada por una serie de colinas y elevaciones. El monte Benacantil, con 169 m de altura, sobre el que se asienta el castillo de Santa B\u00e1rbara, domina la fachada urbana y constituye la imagen m\u00e1s caracter\u00edstica de la urbe. En esta encontramos tambi\u00e9n el Monte Tossal, donde se asienta el castillo de San Fernando, la Sierra Grossa (o Sierra de San Juli\u00e1n), las Lomas del Garbinet y el Tossal de Manises.\u200b Entre estas discurren barrancos y vaguadas, algunos completamente ocultos por el crecimiento urbano como las ramblas de Canicia, Bon Hivern o San Blas-Benal\u00faa; otras, de m\u00e1s envergadura, se hallan canalizadas como la Rambla de las Ovejas\u200b o la del Juncaret.\u200b Al sur de la ciudad hay una zona pantanosa, el saladar de Agua Amarga\u200b y al noroeste se encuentran las Lagunas de Rabasa.<\/p>\n            <\/div>\n        <\/div>\n\n        <div class=\"articulo\"\n             style=\"flex: 1 1 calc(33% - 20px); box-sizing: border-box; margin: 10px; max-width: calc(33% - 20px); border: 1px solid #ccc; padding: 10px; background-color: #f9f9f9;\">\n            <img decoding=\"async\" class=\"image-child\"\n                 src=\"https:\/\/storage.googleapis.com\/static.inmoweb.es\/clients\/3287\/cms\/costa_sonada_inmobiliaria-costa_blanca_alicante-2_2.jpg\"\n                 alt=\"imagen columna 3\" style=\"width:100%; height:auto;\">\n            <div class=\"content-child\" style=\"margin-top: 10px; text-align: justify;\">\n                <p>En la l\u00ednea de costa cabe se\u00f1alar las playas que son, de norte a sur: San Juan, La Almadraba, la Albufereta, El Postiguet, Agua Amarga, El Saladar, y las de la isla de Tabarca. Entre las playas de La Albufereta y la de San Juan est\u00e1 el Cabo de la Huerta, con varias calas: Calabarda, Cantalares, Los Jud\u00edos, La Palmera.<\/p>\n                <p>Clima Mediterr\u00e1neo Envidiable: Sum\u00e9rgete en un clima mediterr\u00e1neo que hace de cada d\u00eda una experiencia placentera. Inviernos suaves y veranos c\u00e1lidos te permiten disfrutar de la vida al aire libre durante todo el a\u00f1o. Las brisas marinas suavizan el calor estival, creando un ambiente perfecto para explorar las playas doradas y las encantadoras calles del centro hist\u00f3rico.<\/p>\n                <p>Las playas de Alicante son un tesoro de arenas doradas y aguas cristalinas. Desde la animada Playa del Postiguet hasta las m\u00e1s tranquilas como San Juan, cada una ofrece un ambiente \u00fanico para disfrutar del sol mediterr\u00e1neo y actividades acu\u00e1ticas. Vive el estilo de vida costero en su m\u00e1xima expresi\u00f3n.<\/p>\n                <p>Nuestra inmobiliaria te ofrece acceso a propiedades \u00fanicas en Alicante, desde elegantes apartamentos en el centro de la ciudad hasta villas exclusivas con vistas al mar. Sea cual sea tu preferencia, Alicante ofrece opciones para todos los gustos y estilos de vida.<\/p>\n            <\/div>\n        <\/div>\n    <\/div>\n<\/div>\n","protected":false},"excerpt":{"rendered":"<p>Alicante Bienvenido a Alicante, una joya en la Costa Blanca que despierta los sentidos con su rica historia, clima perfecto y un entorno mediterr\u00e1neo incomparable. Nuestra inmobiliaria te invita a explorar las oportunidades de vivir en este rinc\u00f3n paradis\u00edaco, donde la tradici\u00f3n se encuentra con la modernidad. Alicante es una ciudad y un municipio de Espa\u00f1a, capital de la provincia hom\u00f3nima, en la Comunidad Valenciana. Ciudad portuaria, est\u00e1 situada en la costa mediterr\u00e1nea. Con 349 282 habitantes,\u200b es el segundo municipio m\u00e1s poblado de la comunidad aut\u00f3noma y el d\u00e9cimo del pa\u00eds. Forma una conurbaci\u00f3n de 468 782 habitantes con muchas de las localidades de<a class=\"more-link\" href=\"https:\/\/3dvirtualtour.es\/index.php\/alicante\/\"><span>Read More &rarr;<\/span><\/a><\/p>\n","protected":false},"author":3,"featured_media":0,"parent":0,"menu_order":0,"comment_status":"closed","ping_status":"closed","template":"elementor_header_footer","meta":{"om_disable_all_campaigns":false,"_monsterinsights_skip_tracking":false,"_monsterinsights_sitenote_active":false,"_monsterinsights_sitenote_note":"","_monsterinsights_sitenote_category":0,"footnotes":""},"class_list":["entry","author-3dvirtualtour","post-13178","page","type-page","status-publish"],"aioseo_notices":[],"_links":{"self":[{"href":"https:\/\/3dvirtualtour.es\/index.php\/wp-json\/wp\/v2\/pages\/13178","targetHints":{"allow":["GET"]}}],"collection":[{"href":"https:\/\/3dvirtualtour.es\/index.php\/wp-json\/wp\/v2\/pages"}],"about":[{"href":"https:\/\/3dvirtualtour.es\/index.php\/wp-json\/wp\/v2\/types\/page"}],"author":[{"embeddable":true,"href":"https:\/\/3dvirtualtour.es\/index.php\/wp-json\/wp\/v2\/users\/3"}],"replies":[{"embeddable":true,"href":"https:\/\/3dvirtualtour.es\/index.php\/wp-json\/wp\/v2\/comments?post=13178"}],"version-history":[{"count":7,"href":"https:\/\/3dvirtualtour.es\/index.php\/wp-json\/wp\/v2\/pages\/13178\/revisions"}],"predecessor-version":[{"id":13715,"href":"https:\/\/3dvirtualtour.es\/index.php\/wp-json\/wp\/v2\/pages\/13178\/revisions\/13715"}],"wp:attachment":[{"href":"https:\/\/3dvirtualtour.es\/index.php\/wp-json\/wp\/v2\/media?parent=13178"}],"curies":[{"name":"wp","href":"https:\/\/api.w.org\/{rel}","templated":true}]}}