{"id":13200,"date":"2024-06-13T17:55:14","date_gmt":"2024-06-13T15:55:14","guid":{"rendered":"https:\/\/3dvirtualtour.es\/?page_id=13200"},"modified":"2024-09-15T15:54:50","modified_gmt":"2024-09-15T13:54:50","slug":"albir","status":"publish","type":"page","link":"https:\/\/3dvirtualtour.es\/index.php\/albir\/","title":{"rendered":"Albir"},"content":{"rendered":"\n<h1 style=\"color:#707070; text-align: center;\">Albir<\/h1>\n\n<div class=\"texto\">\n    <div class=\"three-column-photo\" style=\"display: flex; justify-content: space-between;\">\n        <div class=\"articulo\"\n             style=\"flex: 1 1 calc(33% - 20px); box-sizing: border-box; margin: 10px; max-width: calc(33% - 20px); border: 1px solid #ccc; padding: 10px; background-color: #f9f9f9;\">\n            <img decoding=\"async\" class=\"image-child\"\n                 src=\"https:\/\/storage.googleapis.com\/static.inmoweb.es\/clients\/3287\/cms\/costa_sonada_inmobiliaria_costa_blanca_albir-1_3.jpg\"\n                 alt=\"imagen columna 1\" style=\"width:100%; height:auto;\">\n            <div class=\"content-child\" style=\"margin-top: 10px; text-align: justify;\">\n                <p>El Albir es el n\u00facleo de poblaci\u00f3n m\u00e1s habitado del municipio de Alfaz del Pi, con 18.394 habitantes. Est\u00e1 situado en la provincia de Alicante, Comunidad Valenciana, Espa\u00f1a. Est\u00e1 colindando con la Sierra Helada y a su vez con Benidorm.<\/p>\n                <p>Su poblaci\u00f3n vive pr\u00e1cticamente solo por el turismo de la zona. En el Albir se encuentra la Playa del Albir, dotada con bandera azul, una playa exclusivamente compuesta por piedras. En esta zona tambi\u00e9n predominan los acantilados y alguno de ellos superan los 300 m de desnivel. El Albir est\u00e1 a una media de 76 m de altitud, aunque su zona baja es de 0 m (nivel del mar), y su zona m\u00e1s alta supera los 160 m (Sierra Helada). El Albir est\u00e1 a 2.5 km del centro de Alfaz del Pi y a 2 km de Altea. Ha sufrido una gran subida de poblaci\u00f3n, como pr\u00e1cticamente todos los municipios de esta zona.<\/p>\n            <\/div>\n        <\/div>\n\n        <div class=\"articulo\"\n             style=\"flex: 1 1 calc(33% - 20px); box-sizing: border-box; margin: 10px; max-width: calc(33% - 20px); border: 1px solid #ccc; padding: 10px; background-color: #f9f9f9;\">\n            <img decoding=\"async\" class=\"image-child\"\n                 src=\"https:\/\/storage.googleapis.com\/static.inmoweb.es\/clients\/3287\/cms\/costa_sonada_inmobiliaria_costa_blanca_albir-2_2.jpg\"\n                 alt=\"imagen columna 2\" style=\"width:100%; height:auto;\">\n            <div class=\"content-child\" style=\"margin-top: 10px; text-align: justify;\">\n                <p>Albir, un encantador rinc\u00f3n en la provincia de Alicante, se erige como una perla resplandeciente en la costa mediterr\u00e1nea espa\u00f1ola. Estrat\u00e9gicamente ubicado entre las localidades costeras de Altea y Benidorm, Albir ofrece un equilibrio perfecto entre tranquilidad y acceso a las comodidades modernas.<\/p>\n                <p>Situado a orillas del Mar Mediterr\u00e1neo, Albir cautiva con sus vistas panor\u00e1micas al mar y las majestuosas monta\u00f1as que lo rodean. Esta joya costera se encuentra a tan solo 65 kil\u00f3metros del Aeropuerto de Alicante-Elche, facilitando la conexi\u00f3n con destinos internacionales y convirti\u00e9ndolo en un lugar ideal para aquellos que buscan una residencia vacacional o permanente.<\/p>\n                <p>La Sierra Helada, un parque natural que se extiende hacia el norte, ofrece rutas de senderismo que conducen a impresionantes acantilados con vistas panor\u00e1micas. Para los amantes de la cultura, el Faro de l&#8217;Albir y el Centro de Interpretaci\u00f3n Faro de l&#8217;Albir son destinos fascinantes que exploran la rica historia mar\u00edtima de la regi\u00f3n.<\/p>\n            <\/div>\n        <\/div>\n\n        <div class=\"articulo\"\n             style=\"flex: 1 1 calc(33% - 20px); box-sizing: border-box; margin: 10px; max-width: calc(33% - 20px); border: 1px solid #ccc; padding: 10px; background-color: #f9f9f9;\">\n            <img decoding=\"async\" class=\"image-child\"\n                 src=\"https:\/\/storage.googleapis.com\/static.inmoweb.es\/clients\/3287\/cms\/costa_sonada_inmobiliaria_costa_blanca_albir-3_2.jpg\"\n                 alt=\"imagen columna 3\" style=\"width:100%; height:auto;\">\n            <div class=\"content-child\" style=\"margin-top: 10px; text-align: justify;\">\n                <p>El clima mediterr\u00e1neo de Albir es, sin duda, uno de sus mayores atractivos. Con inviernos suaves y veranos c\u00e1lidos, disfrutar\u00e1s de m\u00e1s de 300 d\u00edas de sol al a\u00f1o. Las suaves brisas marinas y las temperaturas moderadas hacen de Albir un para\u00edso clim\u00e1tico, perfecto para disfrutar de la vida al aire libre durante todo el a\u00f1o.<\/p>\n                <p>Albir no solo ofrece un entorno natural excepcional, sino tambi\u00e9n una gran variedad de atracciones y servicios. El famoso Paseo de las Estrellas es un lugar emblem\u00e1tico para pasear y disfrutar de las magn\u00edficas vistas al mar. Adem\u00e1s, la Playa del Albir, galardonada con la Bandera Azul, invita a relajarse en sus aguas cristalinas y arenas doradas.<\/p>\n                <p>Descubre la magia de Albir, donde la belleza natural, el clima excepcional y una vida vibrante se fusionan para crear un entorno \u00fanico en la costa mediterr\u00e1nea espa\u00f1ola. En nuestra inmobiliaria, estamos comprometidos a ayudarte a encontrar la propiedad perfecta que haga realidad tu sue\u00f1o de vivir en este para\u00edso costero.<\/p>\n            <\/div>\n        <\/div>\n    <\/div>\n<\/div>\n","protected":false},"excerpt":{"rendered":"<p>Albir El Albir es el n\u00facleo de poblaci\u00f3n m\u00e1s habitado del municipio de Alfaz del Pi, con 18.394 habitantes. Est\u00e1 situado en la provincia de Alicante, Comunidad Valenciana, Espa\u00f1a. Est\u00e1 colindando con la Sierra Helada y a su vez con Benidorm. Su poblaci\u00f3n vive pr\u00e1cticamente solo por el turismo de la zona. En el Albir se encuentra la Playa del Albir, dotada con bandera azul, una playa exclusivamente compuesta por piedras. En esta zona tambi\u00e9n predominan los acantilados y alguno de ellos superan los 300 m de desnivel. El Albir est\u00e1 a una media de 76 m de altitud, aunque su zona baja es de<a class=\"more-link\" href=\"https:\/\/3dvirtualtour.es\/index.php\/albir\/\"><span>Read More &rarr;<\/span><\/a><\/p>\n","protected":false},"author":3,"featured_media":0,"parent":0,"menu_order":0,"comment_status":"closed","ping_status":"closed","template":"elementor_header_footer","meta":{"om_disable_all_campaigns":false,"_monsterinsights_skip_tracking":false,"_monsterinsights_sitenote_active":false,"_monsterinsights_sitenote_note":"","_monsterinsights_sitenote_category":0,"footnotes":""},"class_list":["entry","author-3dvirtualtour","post-13200","page","type-page","status-publish"],"aioseo_notices":[],"_links":{"self":[{"href":"https:\/\/3dvirtualtour.es\/index.php\/wp-json\/wp\/v2\/pages\/13200","targetHints":{"allow":["GET"]}}],"collection":[{"href":"https:\/\/3dvirtualtour.es\/index.php\/wp-json\/wp\/v2\/pages"}],"about":[{"href":"https:\/\/3dvirtualtour.es\/index.php\/wp-json\/wp\/v2\/types\/page"}],"author":[{"embeddable":true,"href":"https:\/\/3dvirtualtour.es\/index.php\/wp-json\/wp\/v2\/users\/3"}],"replies":[{"embeddable":true,"href":"https:\/\/3dvirtualtour.es\/index.php\/wp-json\/wp\/v2\/comments?post=13200"}],"version-history":[{"count":6,"href":"https:\/\/3dvirtualtour.es\/index.php\/wp-json\/wp\/v2\/pages\/13200\/revisions"}],"predecessor-version":[{"id":13709,"href":"https:\/\/3dvirtualtour.es\/index.php\/wp-json\/wp\/v2\/pages\/13200\/revisions\/13709"}],"wp:attachment":[{"href":"https:\/\/3dvirtualtour.es\/index.php\/wp-json\/wp\/v2\/media?parent=13200"}],"curies":[{"name":"wp","href":"https:\/\/api.w.org\/{rel}","templated":true}]}}