{"id":31,"date":"2021-08-13T16:23:50","date_gmt":"2021-08-13T16:23:50","guid":{"rendered":"https:\/\/3dvirtualtour.es\/?page_id=31"},"modified":"2024-09-15T15:54:50","modified_gmt":"2024-09-15T13:54:50","slug":"la-empresa","status":"publish","type":"page","link":"https:\/\/3dvirtualtour.es\/index.php\/la-empresa\/","title":{"rendered":"La Empresa"},"content":{"rendered":"\n<p><\/p>\n\n\n\n<h1 style=\"color:#707070; text-align: center;\">La Empresa<\/h1>\n    <div class=\"texto\">\n        <div class=\"three-column-photo\" style=\"display: flex; justify-content: space-between;\">\n            <div class=\"column-child\" style=\"flex: 1 1 calc(33% - 20px); box-sizing: border-box; margin: 10px; max-width: calc(33% - 20px); border: 1px solid #ccc; padding: 10px; background-color: #f9f9f9;\">\n                <h3 class=\"title-child\"><br><\/h3>\n                <img decoding=\"async\" class=\"image-child\" src=\"https:\/\/storage.googleapis.com\/static.inmoweb.es\/clients\/3287\/cms\/costa_sonada_inmobiliaria_costa_blanca_mascarat-1_4.jpg\" alt=\"imagen columna 1\" style=\"width:100%; height:auto;\">\n                <div class=\"content-child\" style=\"margin-top: 10px; text-align: justify;\">\n                    <p>&nbsp;En COSTA SO\u00d1ADA INMOBILIARIA, nos enorgullece ser m\u00e1s que una simple inmobiliaria; somos tus socios comprometidos en hacer realidad tus sue\u00f1os de propiedad en el hermoso entorno de nuestras costas. En COSTA SO\u00d1ADA INMOBILIARIA, entendemos que cada propiedad es \u00fanica, y cada cliente tiene requerimientos espec\u00edficos. Nuestro equipo de profesionales altamente capacitados est\u00e1 comprometido en ofrecer un servicio personalizado, garantizando que encuentres la propiedad perfecta que se adapte a tu estilo de vida y aspiraciones.<\/p>\n                <\/div>\n            <\/div>\n\n            <div class=\"column-child\" style=\"flex: 1 1 calc(33% - 20px); box-sizing: border-box; margin: 10px; max-width: calc(33% - 20px); border: 1px solid #ccc; padding: 10px; background-color: #f9f9f9;\">\n                <h3 class=\"title-child\"><br><\/h3>\n                <img decoding=\"async\" class=\"image-child\" src=\"https:\/\/storage.googleapis.com\/static.inmoweb.es\/clients\/3287\/cms\/costa_sonada_inmobiliaria_costa_blanca_mascarat-13.jpg\" alt=\"imagen columna 2\" style=\"width:100%; height:auto;\">\n                <div class=\"content-child\" style=\"margin-top: 10px; text-align: justify;\">\n                    <p>Costa Blanca, con sus playas de aguas cristalinas, encanto mediterr\u00e1neo y clima excepcional durante todo el a\u00f1o, es el lugar ideal para encontrar tu hogar so\u00f1ado. En Costa So\u00f1ada, comprendemos la singularidad y diversidad de esta joya costera y estamos comprometidos a ofrecerte un servicio personalizado que se adapte a tus necesidades y deseos.<\/p>\n                    <p>En INMOBILIARIA COSTA SO\u00d1ADA, no solo estamos comprometidos con la compra o venta de propiedades, sino tambi\u00e9n con la construcci\u00f3n de relaciones duraderas. <\/p>\n                <\/div>\n            <\/div>\n\n            <div class=\"column-child\" style=\"flex: 1 1 calc(33% - 20px); box-sizing: border-box; margin: 10px; max-width: calc(33% - 20px); border: 1px solid #ccc; padding: 10px; background-color: #f9f9f9;\">\n                <h3 class=\"title-child\"><br><\/h3>\n                <img decoding=\"async\" class=\"image-child\" src=\"https:\/\/storage.googleapis.com\/static.inmoweb.es\/clients\/3287\/cms\/costa_sonada_inmobiliaria_costa_blanca_mascarat-3_3.jpg\" alt=\"imagen columna 3\" style=\"width:100%; height:auto;\">\n                <div class=\"content-child\" style=\"margin-top: 10px; text-align: justify;\">\n                    <p>Nuestra misi\u00f3n es guiarte a trav\u00e9s de cada etapa del proceso inmobiliario, brind\u00e1ndote asesoramiento experto y apoyo continuo. Conf\u00eda en nosotros para hacer realidad tus sue\u00f1os inmobiliarios. Estamos aqu\u00ed para convertir cada transacci\u00f3n en una experiencia sin igual. \u00a1Cont\u00e1ctanos hoy y descubre c\u00f3mo podemos hacer que tu pr\u00f3ximo paso inmobiliario sea un \u00e9xito! Descubre el encanto \u00fanico de la Costa Blanca con COSTA SO\u00d1ADA INMOBILIARIA. Cont\u00e1ctanos hoy y perm\u00edtenos ser tu gu\u00eda en esta emocionante aventura inmobiliaria. \u00a1Tu sue\u00f1o en la Costa Blanca est\u00e1 a solo un paso de hacerse realidad con nosotros!<\/p>\n                <\/div>\n            <\/div>\n        <\/div>\n    <\/div>\n\n","protected":false},"excerpt":{"rendered":"<p>La Empresa &nbsp;En COSTA SO\u00d1ADA INMOBILIARIA, nos enorgullece ser m\u00e1s que una simple inmobiliaria; somos tus socios comprometidos en hacer realidad tus sue\u00f1os de propiedad en el hermoso entorno de nuestras costas. En COSTA SO\u00d1ADA INMOBILIARIA, entendemos que cada propiedad es \u00fanica, y cada cliente tiene requerimientos espec\u00edficos. Nuestro equipo de profesionales altamente capacitados est\u00e1 comprometido en ofrecer un servicio personalizado, garantizando que encuentres la propiedad perfecta que se adapte a tu estilo de vida y aspiraciones. Costa Blanca, con sus playas de aguas cristalinas, encanto mediterr\u00e1neo y clima excepcional durante todo el a\u00f1o, es el lugar ideal para encontrar tu hogar so\u00f1ado. En Costa<a class=\"more-link\" href=\"https:\/\/3dvirtualtour.es\/index.php\/la-empresa\/\"><span>Read More &rarr;<\/span><\/a><\/p>\n","protected":false},"author":3,"featured_media":0,"parent":0,"menu_order":0,"comment_status":"closed","ping_status":"closed","template":"elementor_header_footer","meta":{"om_disable_all_campaigns":false,"_monsterinsights_skip_tracking":false,"_monsterinsights_sitenote_active":false,"_monsterinsights_sitenote_note":"","_monsterinsights_sitenote_category":0,"footnotes":""},"class_list":["entry","author-3dvirtualtour","post-31","page","type-page","status-publish"],"aioseo_notices":[],"_links":{"self":[{"href":"https:\/\/3dvirtualtour.es\/index.php\/wp-json\/wp\/v2\/pages\/31","targetHints":{"allow":["GET"]}}],"collection":[{"href":"https:\/\/3dvirtualtour.es\/index.php\/wp-json\/wp\/v2\/pages"}],"about":[{"href":"https:\/\/3dvirtualtour.es\/index.php\/wp-json\/wp\/v2\/types\/page"}],"author":[{"embeddable":true,"href":"https:\/\/3dvirtualtour.es\/index.php\/wp-json\/wp\/v2\/users\/3"}],"replies":[{"embeddable":true,"href":"https:\/\/3dvirtualtour.es\/index.php\/wp-json\/wp\/v2\/comments?post=31"}],"version-history":[{"count":83,"href":"https:\/\/3dvirtualtour.es\/index.php\/wp-json\/wp\/v2\/pages\/31\/revisions"}],"predecessor-version":[{"id":13697,"href":"https:\/\/3dvirtualtour.es\/index.php\/wp-json\/wp\/v2\/pages\/31\/revisions\/13697"}],"wp:attachment":[{"href":"https:\/\/3dvirtualtour.es\/index.php\/wp-json\/wp\/v2\/media?parent=31"}],"curies":[{"name":"wp","href":"https:\/\/api.w.org\/{rel}","templated":true}]}}